{"id":6867,"date":"2023-08-02T16:47:56","date_gmt":"2023-08-02T14:47:56","guid":{"rendered":"https:\/\/www.lesjouetsvoyageurs.com\/location\/?post_type=product&#038;p=6867"},"modified":"2023-08-19T10:07:28","modified_gmt":"2023-08-19T08:07:28","slug":"jeu-de-carte-naruto-6-ans","status":"publish","type":"product","link":"https:\/\/www.lesjouetsvoyageurs.com\/location\/jouets\/jeu-de-carte-naruto-6-ans\/","title":{"rendered":"Jeu de cartes Naruto &#8211; 6 ans"},"content":{"rendered":"<h2>Jeu de cartes Naruto<\/h2>\n<p>Le but est simple, rassemble rapidement les paires de cartes repr\u00e9sentant tes personnages pr\u00e9f\u00e9r\u00e9s. Mais m\u00e9fie-toi de l&rsquo;inf\u00e2me Orochimaru qui s&rsquo;est infiltr\u00e9 dans le jeu ! Pour t&rsquo;en d\u00e9barrasser, tu dois le passer discr\u00e8tement \u00e0 l&rsquo;un de tes adversaires.<\/p>\n<p>Sois astucieux, car si tu te retrouves avec la cartes Orochimaru en main \u00e0 la fin de la partie, tu seras le perdant. Alors, prouve ta ruse et montre que tu es le plus fin des strat\u00e8ges !<\/p>\n<p>Ce jeu de cartes contient 50 cartes<\/p>\n<p>Se joue de 2 \u00e0 8 joueurs pour une partie d&rsquo;environ 15 min.<\/p>\n<p>Envie d&rsquo;en savoir plus sur les engagements de la marque?<br \/>\n\ud83d\udc49 Consultez la pr\u00e9sentation de <a href=\"https:\/\/www.madistrib.com\/shop\/jeux-de-societe\/enfant\/naruto-le-jeu-de-cartes\/\" target=\"_blank\" rel=\"noopener\">Mad<\/a>.<\/p>\n<p><span style=\"font-size: 14.4px;\">\ud83d\udc95 Jeu de cartes sur le th\u00e8me de Naruto<\/span><\/p>\n<p>Jeu de cartes Naruto convient aux enfants d\u00e8s 6 ans.<\/p>\n<p>LE PRIX ABONN\u00c9 C&rsquo;EST QUOI?<\/p>\n<p>Vous avez un coup de coeur pour un jouet propos\u00e9 \u00e0 la location?<br \/>\nNous vous proposons de garder chaque jouet lou\u00e9 \u00e0 un prix pr\u00e9f\u00e9rentiel, clairement indiqu\u00e9 sur chaque fiche.<\/p>\n","protected":false},"excerpt":{"rendered":"<h2>Jeu de cartes Naruto &#8211; 6 ans<\/h2>\n<p>\u2764 Jeu de strat\u00e9gie<br \/>\n\u2764 Jeu de voyage<br \/>\n\u2764 S\u00e9rie Anim\u00e9 connu<\/p>\n","protected":false},"featured_media":6869,"template":"","meta":[],"product_cat":[15],"product_tag":[],"_links":{"self":[{"href":"https:\/\/www.lesjouetsvoyageurs.com\/location\/wp-json\/wp\/v2\/product\/6867"}],"collection":[{"href":"https:\/\/www.lesjouetsvoyageurs.com\/location\/wp-json\/wp\/v2\/product"}],"about":[{"href":"https:\/\/www.lesjouetsvoyageurs.com\/location\/wp-json\/wp\/v2\/types\/product"}],"wp:featuredmedia":[{"embeddable":true,"href":"https:\/\/www.lesjouetsvoyageurs.com\/location\/wp-json\/wp\/v2\/media\/6869"}],"wp:attachment":[{"href":"https:\/\/www.lesjouetsvoyageurs.com\/location\/wp-json\/wp\/v2\/media?parent=6867"}],"wp:term":[{"taxonomy":"product_cat","embeddable":true,"href":"https:\/\/www.lesjouetsvoyageurs.com\/location\/wp-json\/wp\/v2\/product_cat?post=6867"},{"taxonomy":"product_tag","embeddable":true,"href":"https:\/\/www.lesjouetsvoyageurs.com\/location\/wp-json\/wp\/v2\/product_tag?post=6867"}],"curies":[{"name":"wp","href":"https:\/\/api.w.org\/{rel}","templated":true}]}}