{"id":6871,"date":"2023-08-02T17:17:43","date_gmt":"2023-08-02T15:17:43","guid":{"rendered":"https:\/\/www.lesjouetsvoyageurs.com\/location\/?post_type=product&#038;p=6871"},"modified":"2023-08-19T10:07:27","modified_gmt":"2023-08-19T08:07:27","slug":"hero-cartes-alerte-a-crabu","status":"publish","type":"product","link":"https:\/\/www.lesjouetsvoyageurs.com\/location\/jouets\/hero-cartes-alerte-a-crabu\/","title":{"rendered":"Hero Cartes Alerte \u00e0 Crabu"},"content":{"rendered":"<h2>Hero Cartes Alerte \u00e0 Crabu<\/h2>\n<p>Incarne un membre de la D\u00e9tecteam, une \u00e9quipe d\u00e9vou\u00e9e \u00e0 la protection du monde contre les super vilains. Dans cette nouvelle aventure, ton \u00e9quipe re\u00e7oit un appel de d\u00e9tresse des Crabus.<\/p>\n<p>Le sournois D\u00e9glingo a fait fondre le glacier , cette action provoque une mont\u00e9e des mers mena\u00e7ant la Crabulle, l&rsquo;\u00eele des Crabus prot\u00e9g\u00e9e par une bulle magique !<\/p>\n<p>Sauras-tu voler \u00e0 leurs secours et arr\u00eater les plans machiav\u00e9liques de D\u00e9glingo ?<\/p>\n<p>Ce jeu de cartes contient 100 cartes<\/p>\n<p>Se joue en solo.<\/p>\n<p>Envie d&rsquo;en savoir plus sur les engagements de la marque?<br \/>\n\ud83d\udc49 Consultez la pr\u00e9sentation de <a href=\"https:\/\/www.madistrib.com\/shop\/jeux-de-societe\/enfant\/heroicartes-alerte-a-crabu\/\" target=\"_blank\" rel=\"noopener\">Mad<\/a>.<\/p>\n<p><span style=\"font-size: 14.4px;\">\ud83d\udc95 Jeu de cartes<\/span><\/p>\n<p>Hero Cartes Alerte \u00e0 Crabu convient aux enfants d\u00e8s 10 ans.<\/p>\n<p>LE PRIX ABONN\u00c9 C&rsquo;EST QUOI?<\/p>\n<p>Vous avez un coup de coeur pour un jouet propos\u00e9 \u00e0 la location?<br \/>\nNous vous proposons de garder chaque jouet lou\u00e9 \u00e0 un prix pr\u00e9f\u00e9rentiel, clairement indiqu\u00e9 sur chaque fiche.<\/p>\n","protected":false},"excerpt":{"rendered":"<p>Hero Cartes Alerte \u00e0 Crabu<\/p>\n<p>\u2764 Jeu d&rsquo;aventure<br \/>\n\u2764 Vous \u00eates le heros<br \/>\n\u2764 D\u00e8s 10 ans<\/p>\n","protected":false},"featured_media":6872,"template":"","meta":[],"product_cat":[15],"product_tag":[],"_links":{"self":[{"href":"https:\/\/www.lesjouetsvoyageurs.com\/location\/wp-json\/wp\/v2\/product\/6871"}],"collection":[{"href":"https:\/\/www.lesjouetsvoyageurs.com\/location\/wp-json\/wp\/v2\/product"}],"about":[{"href":"https:\/\/www.lesjouetsvoyageurs.com\/location\/wp-json\/wp\/v2\/types\/product"}],"wp:featuredmedia":[{"embeddable":true,"href":"https:\/\/www.lesjouetsvoyageurs.com\/location\/wp-json\/wp\/v2\/media\/6872"}],"wp:attachment":[{"href":"https:\/\/www.lesjouetsvoyageurs.com\/location\/wp-json\/wp\/v2\/media?parent=6871"}],"wp:term":[{"taxonomy":"product_cat","embeddable":true,"href":"https:\/\/www.lesjouetsvoyageurs.com\/location\/wp-json\/wp\/v2\/product_cat?post=6871"},{"taxonomy":"product_tag","embeddable":true,"href":"https:\/\/www.lesjouetsvoyageurs.com\/location\/wp-json\/wp\/v2\/product_tag?post=6871"}],"curies":[{"name":"wp","href":"https:\/\/api.w.org\/{rel}","templated":true}]}}