{"id":6875,"date":"2023-08-02T17:31:22","date_gmt":"2023-08-02T15:31:22","guid":{"rendered":"https:\/\/www.lesjouetsvoyageurs.com\/location\/?post_type=product&#038;p=6875"},"modified":"2023-08-19T10:07:26","modified_gmt":"2023-08-19T08:07:26","slug":"hero-cartes-le-complot-draculo-10","status":"publish","type":"product","link":"https:\/\/www.lesjouetsvoyageurs.com\/location\/jouets\/hero-cartes-le-complot-draculo-10\/","title":{"rendered":"Hero Cartes Le complot Draculo 10 +"},"content":{"rendered":"<h2>Hero Cartes Le complot Draculo 10 +<\/h2>\n<p>Plongez- vous dans une aventure palpitante en int\u00e9grant la D\u00e9tecteam, une \u00e9quipe d\u00e9di\u00e9e \u00e0 la protection du monde des super vilains. Dans cette nouvelle mission, votre \u00e9quipe doit venir en aide \u00e0 D\u00e9glingo.<\/p>\n<p>D\u00e9glingo fait appel \u00e0 vous pour contrer un sinistre complot pr\u00e9parer par le redoutable Draculo, chef des vampires. Ce dernier pr\u00e9pare une s\u00e9lection pour devenir le boss supr\u00eame des super vilains du monde entier !<\/p>\n<p>Ce jeu de cartes contient 100 cartes<\/p>\n<p>Se joue en solo pour une dur\u00e9e de 20 minutes.<\/p>\n<p>Envie d&rsquo;en savoir plus sur les engagements de la marque?<br \/>\n\ud83d\udc49 Consultez la pr\u00e9sentation de <a href=\"https:\/\/www.madistrib.com\/shop\/jeux-de-societe\/enfant\/heroicartes-le-complot-draculo\/\" target=\"_blank\" rel=\"noopener\">Mad<\/a>.<\/p>\n<p><span style=\"font-size: 14.4px;\">\ud83d\udc95 Jeu de cartes<\/span><\/p>\n<p>Hero Cartes Hero Cartes Le complot Draculo\u00a0 convient aux enfants d\u00e8s 10 ans.<\/p>\n<p>LE PRIX ABONN\u00c9 C&rsquo;EST QUOI?<\/p>\n<p>Vous avez un coup de coeur pour un jouet propos\u00e9 \u00e0 la location?<br \/>\nNous vous proposons de garder chaque jouet lou\u00e9 \u00e0 un prix pr\u00e9f\u00e9rentiel, clairement indiqu\u00e9 sur chaque fiche.<\/p>\n","protected":false},"excerpt":{"rendered":"<p>Hero Cartes Le complot Draculo 10 +<\/p>\n<p>\u2764 Jeu d&rsquo;aventure<br \/>\n\u2764 Vous \u00eates le heros<br \/>\n\u2764 Original<\/p>\n","protected":false},"featured_media":6876,"template":"","meta":[],"product_cat":[15],"product_tag":[],"_links":{"self":[{"href":"https:\/\/www.lesjouetsvoyageurs.com\/location\/wp-json\/wp\/v2\/product\/6875"}],"collection":[{"href":"https:\/\/www.lesjouetsvoyageurs.com\/location\/wp-json\/wp\/v2\/product"}],"about":[{"href":"https:\/\/www.lesjouetsvoyageurs.com\/location\/wp-json\/wp\/v2\/types\/product"}],"wp:featuredmedia":[{"embeddable":true,"href":"https:\/\/www.lesjouetsvoyageurs.com\/location\/wp-json\/wp\/v2\/media\/6876"}],"wp:attachment":[{"href":"https:\/\/www.lesjouetsvoyageurs.com\/location\/wp-json\/wp\/v2\/media?parent=6875"}],"wp:term":[{"taxonomy":"product_cat","embeddable":true,"href":"https:\/\/www.lesjouetsvoyageurs.com\/location\/wp-json\/wp\/v2\/product_cat?post=6875"},{"taxonomy":"product_tag","embeddable":true,"href":"https:\/\/www.lesjouetsvoyageurs.com\/location\/wp-json\/wp\/v2\/product_tag?post=6875"}],"curies":[{"name":"wp","href":"https:\/\/api.w.org\/{rel}","templated":true}]}}