{"id":751,"date":"2020-05-20T22:40:20","date_gmt":"2020-05-20T20:40:20","guid":{"rendered":"https:\/\/www.lesjouetsvoyageurs.com\/?post_type=product&#038;p=751"},"modified":"2022-03-16T18:50:54","modified_gmt":"2022-03-16T16:50:54","slug":"herisson-briki-vroom-vroom","status":"publish","type":"product","link":"https:\/\/www.lesjouetsvoyageurs.com\/location\/jouets\/herisson-briki-vroom-vroom\/","title":{"rendered":"H\u00e9risson Briki Vroom Vroom"},"content":{"rendered":"<p>\u00ab Titi \u00bb est un petit h\u00e9risson imagin\u00e9 par la marque fran\u00e7aise <a href=\"https:\/\/brikivroomvroom.bigcartel.com\/qui-sommes-nous\" target=\"_blank\" rel=\"noopener\">Briki Vroom Vroom<\/a>.<br \/>\nIl est fabriqu\u00e9 avec du bois d\u2019\u00e9rable issu de for\u00eats g\u00e9r\u00e9es durablement et labellis\u00e9 FSC.<\/p>\n<p>Les nuances de teintes de bois et le grain varient naturellement et sensiblement sur chaque pi\u00e8ce.<br \/>\nLe h\u00e9risson Briki Vroom Vroom que vous recevrez ne sera donc pas exactement identique \u00e0 l&rsquo;image.<\/p>\n<h2><span style=\"font-size: 80%;\">Chaque h\u00e9risson Briki Vroom Vroom est unique!<\/span><\/h2>\n<p>Envie d&rsquo;en savoir plus sur les engagements de la marque?<br \/>\n\ud83d\udc49 Consultez la pr\u00e9sentation de <a href=\"https:\/\/www.lesjouetsvoyageurs.com\/location\/blog\/marque-jouets-briki-vroom-vroom\/\">Briki Vroom Vroom<\/a>.<\/p>\n<p>\ud83d\udc95 Le h\u00e9risson Briki Vroom Vroom est un adorable compagnon de jeu pour b\u00e9b\u00e9 !<\/p>\n<p>LE PRIX ABONN\u00c9 C&rsquo;EST QUOI?<br \/>\nVous avez un coup de coeur pour un jouet propos\u00e9 \u00e0 la location?<br \/>\nNous vous proposons de garder chaque jouet lou\u00e9 \u00e0 un prix pr\u00e9f\u00e9rentiel, clairement indiqu\u00e9 sur chaque fiche.<\/p>\n","protected":false},"excerpt":{"rendered":"<div class=\"product-short-description\">\n<p>Un h\u00e9risson&#8230; \u00e0 roulettes !<\/p>\n<p>\u2764 Jouet imagin\u00e9 en France<br \/>\n\u2764 Fabrication artisanale en Pologne<br \/>\n\u2764 Peint \u00e0 la main<br \/>\n\u2764 Bois d\u2019\u00e9rable issu de for\u00eats g\u00e9r\u00e9es durablement<br \/>\n\u2764 Vernis non toxique \u00e0 base d\u2019eau<\/p>\n<\/div>\n","protected":false},"featured_media":752,"template":"","meta":[],"product_cat":[15],"product_tag":[],"_links":{"self":[{"href":"https:\/\/www.lesjouetsvoyageurs.com\/location\/wp-json\/wp\/v2\/product\/751"}],"collection":[{"href":"https:\/\/www.lesjouetsvoyageurs.com\/location\/wp-json\/wp\/v2\/product"}],"about":[{"href":"https:\/\/www.lesjouetsvoyageurs.com\/location\/wp-json\/wp\/v2\/types\/product"}],"wp:featuredmedia":[{"embeddable":true,"href":"https:\/\/www.lesjouetsvoyageurs.com\/location\/wp-json\/wp\/v2\/media\/752"}],"wp:attachment":[{"href":"https:\/\/www.lesjouetsvoyageurs.com\/location\/wp-json\/wp\/v2\/media?parent=751"}],"wp:term":[{"taxonomy":"product_cat","embeddable":true,"href":"https:\/\/www.lesjouetsvoyageurs.com\/location\/wp-json\/wp\/v2\/product_cat?post=751"},{"taxonomy":"product_tag","embeddable":true,"href":"https:\/\/www.lesjouetsvoyageurs.com\/location\/wp-json\/wp\/v2\/product_tag?post=751"}],"curies":[{"name":"wp","href":"https:\/\/api.w.org\/{rel}","templated":true}]}}