{"id":764,"date":"2020-05-20T23:11:28","date_gmt":"2020-05-20T21:11:28","guid":{"rendered":"https:\/\/www.lesjouetsvoyageurs.com\/?post_type=product&#038;p=764"},"modified":"2022-03-08T08:14:06","modified_gmt":"2022-03-08T06:14:06","slug":"jouet-de-lacage-dinosaure-briki","status":"publish","type":"product","link":"https:\/\/www.lesjouetsvoyageurs.com\/location\/jouets\/jouet-de-lacage-dinosaure-briki\/","title":{"rendered":"Jouet de la\u00e7age Dinosaure et 3 lacets Briki Vroom Vroom"},"content":{"rendered":"<p>Ce jouet de la\u00e7age repr\u00e9sente un adorable dinosaure imagin\u00e9 par la marque fran\u00e7aise <a href=\"https:\/\/brikivroomvroom.bigcartel.com\/qui-sommes-nous\" target=\"_blank\" rel=\"noopener\">Briki Vroom Vroom<\/a>.<\/p>\n<p>Il est fabriqu\u00e9 avec du bois d\u2019\u00e9rable issu de for\u00eats g\u00e9r\u00e9es durablement et labellis\u00e9 FSC et fourni avec trois lacets de diff\u00e9rentes couleurs pour d\u00e9velopper la motricit\u00e9 fine de l&rsquo;enfant \u00e0 partir de 3 ans.<\/p>\n<p>Les nuances de teintes de bois et le grain varient naturellement et sensiblement sur chaque pi\u00e8ce.<\/p>\n<h2><span style=\"font-size: 80%;\">Chaque jouet de la\u00e7age dinosaure Briki Vroom Vroom est unique!<\/span><\/h2>\n<p>Envie d\u2019en savoir plus sur les engagements de la marque \ud83d\udc49 <a href=\"https:\/\/www.lesjouetsvoyageurs.com\/location\/blog\/marque-jouets-briki-vroom-vroom\/\" target=\"_blank\" rel=\"noopener noreferrer\">Consultez la pr\u00e9sentation de Briki Vroom Vroom.<\/a><\/p>\n<p>\ud83d\udc95 Stimule la motricit\u00e9 fine<\/p>\n<p>LE PRIX ABONN\u00c9 C\u2019EST QUOI?<br \/>\nVous avez un coup de coeur pour un jouet propos\u00e9 \u00e0 la location?<br \/>\nNous vous proposons de garder chaque jouet lou\u00e9 \u00e0 un prix pr\u00e9f\u00e9rentiel, clairement indiqu\u00e9 sur chaque fiche<\/p>\n","protected":false},"excerpt":{"rendered":"<p>Jouet de la\u00e7age dinosaure \u00e0 partir de 3 ans<\/p>\n<p>\u2764\u00a0Fabrication artisanale en Pologne<br \/>\n\u2764 D\u00e9veloppe la motricit\u00e9 fine<br \/>\n\u2764 Bois d\u2019\u00e9rable issu de for\u00eats g\u00e9r\u00e9es durablement<\/p>\n","protected":false},"featured_media":765,"template":"","meta":[],"product_cat":[15],"product_tag":[],"_links":{"self":[{"href":"https:\/\/www.lesjouetsvoyageurs.com\/location\/wp-json\/wp\/v2\/product\/764"}],"collection":[{"href":"https:\/\/www.lesjouetsvoyageurs.com\/location\/wp-json\/wp\/v2\/product"}],"about":[{"href":"https:\/\/www.lesjouetsvoyageurs.com\/location\/wp-json\/wp\/v2\/types\/product"}],"wp:featuredmedia":[{"embeddable":true,"href":"https:\/\/www.lesjouetsvoyageurs.com\/location\/wp-json\/wp\/v2\/media\/765"}],"wp:attachment":[{"href":"https:\/\/www.lesjouetsvoyageurs.com\/location\/wp-json\/wp\/v2\/media?parent=764"}],"wp:term":[{"taxonomy":"product_cat","embeddable":true,"href":"https:\/\/www.lesjouetsvoyageurs.com\/location\/wp-json\/wp\/v2\/product_cat?post=764"},{"taxonomy":"product_tag","embeddable":true,"href":"https:\/\/www.lesjouetsvoyageurs.com\/location\/wp-json\/wp\/v2\/product_tag?post=764"}],"curies":[{"name":"wp","href":"https:\/\/api.w.org\/{rel}","templated":true}]}}