{"id":772,"date":"2020-05-20T23:20:16","date_gmt":"2020-05-20T21:20:16","guid":{"rendered":"https:\/\/www.lesjouetsvoyageurs.com\/?post_type=product&#038;p=772"},"modified":"2022-03-16T18:50:43","modified_gmt":"2022-03-16T16:50:43","slug":"jouet-de-lacage-lama-briki","status":"publish","type":"product","link":"https:\/\/www.lesjouetsvoyageurs.com\/location\/jouets\/jouet-de-lacage-lama-briki\/","title":{"rendered":"Jouet de la\u00e7age Lama Briki Vroom Vroom"},"content":{"rendered":"<p>Ce jouet de la\u00e7age lama a \u00e9t\u00e9 imagin\u00e9 par la marque fran\u00e7aise <a href=\"https:\/\/brikivroomvroom.bigcartel.com\/qui-sommes-nous\" target=\"_blank\" rel=\"noopener\">Briki Vroom Vroom<\/a>.<\/p>\n<p>Il est fabriqu\u00e9 avec du bois d\u2019\u00e9rable issu de for\u00eats g\u00e9r\u00e9es durablement et labellis\u00e9 FSC. Ce jouet est fourni avec trois lacets de diff\u00e9rentes couleurs pour d\u00e9velopper la motricit\u00e9 fine de l\u2019enfant. Attention, ce jouet ne convient pas aux enfants de moins de 3 ans.<\/p>\n<p>Les nuances de teintes de bois et le grain varient naturellement et sensiblement sur chaque pi\u00e8ce.<\/p>\n<h2><span style=\"font-size: 80%;\">Chaque jouet de la\u00e7age lama Briki Vroom Vroom est unique!<\/span><\/h2>\n<p>Envie d\u2019en savoir plus sur les engagements de la marque?<br \/>\n\ud83d\udc49\u00a0Consultez la pr\u00e9sentation de <a href=\"https:\/\/www.lesjouetsvoyageurs.com\/location\/blog\/marque-jouets-briki-vroom-vroom\/\">Briki Vroom Vroom<\/a>.<\/p>\n<p>\ud83d\udc95\u00a0Stimule la motricit\u00e9 fine<\/p>\n<p>LE PRIX ABONN\u00c9 C\u2019EST QUOI?<br \/>\nVous avez un coup de coeur pour un jouet propos\u00e9 \u00e0 la location?<br \/>\nNous vous proposons de garder chaque jouet lou\u00e9 \u00e0 un prix pr\u00e9f\u00e9rentiel, clairement indiqu\u00e9 sur chaque fiche<\/p>\n","protected":false},"excerpt":{"rendered":"<p>Un jeu de la\u00e7age \u00e0 partir de 3 ans<\/p>\n<p>\u2764\u00a0Fabrication artisanale en Pologne<br \/>\n\u2764\u00a0D\u00e9veloppe la motricit\u00e9 fine<br \/>\n\u2764\u00a0Bois d\u2019\u00e9rable issu de for\u00eats g\u00e9r\u00e9es durablement<\/p>\n","protected":false},"featured_media":773,"template":"","meta":[],"product_cat":[15],"product_tag":[],"_links":{"self":[{"href":"https:\/\/www.lesjouetsvoyageurs.com\/location\/wp-json\/wp\/v2\/product\/772"}],"collection":[{"href":"https:\/\/www.lesjouetsvoyageurs.com\/location\/wp-json\/wp\/v2\/product"}],"about":[{"href":"https:\/\/www.lesjouetsvoyageurs.com\/location\/wp-json\/wp\/v2\/types\/product"}],"wp:featuredmedia":[{"embeddable":true,"href":"https:\/\/www.lesjouetsvoyageurs.com\/location\/wp-json\/wp\/v2\/media\/773"}],"wp:attachment":[{"href":"https:\/\/www.lesjouetsvoyageurs.com\/location\/wp-json\/wp\/v2\/media?parent=772"}],"wp:term":[{"taxonomy":"product_cat","embeddable":true,"href":"https:\/\/www.lesjouetsvoyageurs.com\/location\/wp-json\/wp\/v2\/product_cat?post=772"},{"taxonomy":"product_tag","embeddable":true,"href":"https:\/\/www.lesjouetsvoyageurs.com\/location\/wp-json\/wp\/v2\/product_tag?post=772"}],"curies":[{"name":"wp","href":"https:\/\/api.w.org\/{rel}","templated":true}]}}