{"id":788,"date":"2020-05-20T23:47:04","date_gmt":"2020-05-20T21:47:04","guid":{"rendered":"https:\/\/www.lesjouetsvoyageurs.com\/?post_type=product&#038;p=788"},"modified":"2022-02-15T22:01:02","modified_gmt":"2022-02-15T20:01:02","slug":"ours-empilable-briki-vroom-vroom","status":"publish","type":"product","link":"https:\/\/www.lesjouetsvoyageurs.com\/location\/jouets\/ours-empilable-briki-vroom-vroom\/","title":{"rendered":"Ours empilable Briki Vroom Vroom &#8211; plusieurs coloris"},"content":{"rendered":"<p>Cet ours empilable <a href=\"https:\/\/brikivroomvroom.bigcartel.com\/qui-sommes-nous\" target=\"_blank\" rel=\"noopener\">Briki Vroom Vroom<\/a> est compos\u00e9 de 4 anneaux surmont\u00e9s d&rsquo;une t\u00eate d&rsquo;ours. Un adorable jouet qui peut aussi \u00eatre laiss\u00e9 en \u00e9vidence dans le salon ou dans la chambre comme objet de d\u00e9coration !<\/p>\n<h2><span style=\"font-size: 80%;\">Fabrication de l&rsquo;ours empilable Briki Vroom Vroom<\/span><\/h2>\n<p>Ce jouet est fabriqu\u00e9 de mani\u00e8re artisanale avec du bois d&rsquo;\u00e9rable et du bois de h\u00eatre. Le bois utilis\u00e9, issu de for\u00eats g\u00e9r\u00e9es durablement, est parfaitement poli puis vernis \u00e0 l&rsquo;eau.<\/p>\n<p>Envie d\u2019en savoir plus sur les engagements de la marque?<br \/>\n\ud83d\udc49\u00a0Consultez la pr\u00e9sentation de <a href=\"https:\/\/www.lesjouetsvoyageurs.com\/location\/blog\/marque-jouets-briki-vroom-vroom\/\">Briki Vroom Vroom<\/a>.<\/p>\n<p>\ud83d\udc95 Chaque ours empilable Briki Vroom Vroom\u00a0 est unique !<\/p>\n<p>Les nuances de teintes de bois et le grain varient naturellement et sensiblement sur chaque pi\u00e8ce. La voiture existe en blanc, jaune et corail. Si vous avez une pr\u00e9f\u00e9rence, nous vous enverrons le coloris de votre choix s\u2019il est disponible : pr\u00e9cisez-le lors de la validation de votre commande.<\/p>\n<p>LE PRIX ABONN\u00c9 C\u2019EST QUOI?<br \/>\nVous avez un coup de coeur pour un jouet propos\u00e9 \u00e0 la location?<br \/>\nNous vous proposons de garder chaque jouet lou\u00e9 \u00e0 un prix pr\u00e9f\u00e9rentiel, clairement indiqu\u00e9 sur chaque fiche.<\/p>\n","protected":false},"excerpt":{"rendered":"<p>Un joli ourson \u00e0 assembler pour d\u00e9velopper la motricit\u00e9 fine<\/p>\n<p>\u2764 D\u00e8s 12 mois<br \/>\n\u2764\u00a0Peint \u00e0 la main<br \/>\n\u2764 Bois d\u2019\u00e9rable issu de for\u00eats g\u00e9r\u00e9es durablement<\/p>\n","protected":false},"featured_media":789,"template":"","meta":[],"product_cat":[15],"product_tag":[],"_links":{"self":[{"href":"https:\/\/www.lesjouetsvoyageurs.com\/location\/wp-json\/wp\/v2\/product\/788"}],"collection":[{"href":"https:\/\/www.lesjouetsvoyageurs.com\/location\/wp-json\/wp\/v2\/product"}],"about":[{"href":"https:\/\/www.lesjouetsvoyageurs.com\/location\/wp-json\/wp\/v2\/types\/product"}],"wp:featuredmedia":[{"embeddable":true,"href":"https:\/\/www.lesjouetsvoyageurs.com\/location\/wp-json\/wp\/v2\/media\/789"}],"wp:attachment":[{"href":"https:\/\/www.lesjouetsvoyageurs.com\/location\/wp-json\/wp\/v2\/media?parent=788"}],"wp:term":[{"taxonomy":"product_cat","embeddable":true,"href":"https:\/\/www.lesjouetsvoyageurs.com\/location\/wp-json\/wp\/v2\/product_cat?post=788"},{"taxonomy":"product_tag","embeddable":true,"href":"https:\/\/www.lesjouetsvoyageurs.com\/location\/wp-json\/wp\/v2\/product_tag?post=788"}],"curies":[{"name":"wp","href":"https:\/\/api.w.org\/{rel}","templated":true}]}}