{"id":813,"date":"2020-05-21T00:13:44","date_gmt":"2020-05-20T22:13:44","guid":{"rendered":"https:\/\/www.lesjouetsvoyageurs.com\/?post_type=product&#038;p=813"},"modified":"2022-03-16T18:50:03","modified_gmt":"2022-03-16T16:50:03","slug":"bunny-car-briki-vroom-vroom","status":"publish","type":"product","link":"https:\/\/www.lesjouetsvoyageurs.com\/location\/jouets\/bunny-car-briki-vroom-vroom\/","title":{"rendered":"Bunny Car Briki Vroom Vroom &#8211; diff\u00e9rents coloris disponibles"},"content":{"rendered":"<p>La Bunny Car <a href=\"https:\/\/brikivroomvroom.bigcartel.com\/qui-sommes-nous\" target=\"_blank\" rel=\"noopener\">Briki Vroom Vroom<\/a> est un jouet conseill\u00e9 pour les enfants \u00e0 partir de 18 mois.<br \/>\nElle est id\u00e9ale pour stimuler la motricit\u00e9 fine, la motricit\u00e9 globale et stimuler l&rsquo;imagination de l&rsquo;enfant.<\/p>\n<p>Envie d&rsquo;en savoir plus sur les engagements de la marque?<br \/>\n\ud83d\udc49 Consultez la pr\u00e9sentation de <a href=\"https:\/\/www.lesjouetsvoyageurs.com\/location\/blog\/marque-jouets-briki-vroom-vroom\/\">Briki Vroom Vroom<\/a>.<\/p>\n<h2>\ud83d\udc95 <span style=\"font-size: 80%;\">Chaque Bunny Car Briki Vroom Vroom est unique !<\/span><\/h2>\n<p>Les nuances de teintes de bois et le grain varient naturellement et sensiblement sur chaque pi\u00e8ce. La voiture existe en blanc, en jaune et en corail. Si vous avez une pr\u00e9f\u00e9rence, nous vous enverrons le coloris de votre choix s&rsquo;il est disponible : pr\u00e9cisez-le simplement lors de la validation de votre commande.<\/p>\n<p>LE PRIX ABONN\u00c9 C&rsquo;EST QUOI?<br \/>\nVous avez un coup de coeur pour un jouet propos\u00e9 \u00e0 la location?<br \/>\nNous vous proposons de garder chaque jouet lou\u00e9 \u00e0 un prix pr\u00e9f\u00e9rentiel, clairement indiqu\u00e9 sur chaque fiche.<\/p>\n","protected":false},"excerpt":{"rendered":"<p>Le lapin peut \u00eatre s\u00e9par\u00e9 de la voiture et partir vivre de grandes aventures! La Bunny Car Briki Vroom Vroom est un jouet ludique qui stimule l&rsquo;imagination de l&rsquo;enfant et invite \u00e0 cr\u00e9er de belles histoires&#8230;<\/p>\n<p>\u2764 Jouet imagin\u00e9 en France<br \/>\n\u2764 Fabrication artisanale en Pologne<br \/>\n\u2764 Peint \u00e0 la main<br \/>\n\u2764 Bois d&rsquo;\u00e9rable issu de for\u00eats g\u00e9r\u00e9es durablement<br \/>\n\u2764 Vernis non toxique \u00e0 base d&rsquo;eau<\/p>\n","protected":false},"featured_media":811,"template":"","meta":[],"product_cat":[15],"product_tag":[],"_links":{"self":[{"href":"https:\/\/www.lesjouetsvoyageurs.com\/location\/wp-json\/wp\/v2\/product\/813"}],"collection":[{"href":"https:\/\/www.lesjouetsvoyageurs.com\/location\/wp-json\/wp\/v2\/product"}],"about":[{"href":"https:\/\/www.lesjouetsvoyageurs.com\/location\/wp-json\/wp\/v2\/types\/product"}],"wp:featuredmedia":[{"embeddable":true,"href":"https:\/\/www.lesjouetsvoyageurs.com\/location\/wp-json\/wp\/v2\/media\/811"}],"wp:attachment":[{"href":"https:\/\/www.lesjouetsvoyageurs.com\/location\/wp-json\/wp\/v2\/media?parent=813"}],"wp:term":[{"taxonomy":"product_cat","embeddable":true,"href":"https:\/\/www.lesjouetsvoyageurs.com\/location\/wp-json\/wp\/v2\/product_cat?post=813"},{"taxonomy":"product_tag","embeddable":true,"href":"https:\/\/www.lesjouetsvoyageurs.com\/location\/wp-json\/wp\/v2\/product_tag?post=813"}],"curies":[{"name":"wp","href":"https:\/\/api.w.org\/{rel}","templated":true}]}}