{"id":854,"date":"2020-05-24T11:08:39","date_gmt":"2020-05-24T09:08:39","guid":{"rendered":"https:\/\/www.lesjouetsvoyageurs.com\/?post_type=product&#038;p=854"},"modified":"2025-04-28T12:41:06","modified_gmt":"2025-04-28T10:41:06","slug":"abonnement-mensuel-350-etoiles","status":"publish","type":"product","link":"https:\/\/www.lesjouetsvoyageurs.com\/location\/jouets\/abonnement-mensuel-350-etoiles\/","title":{"rendered":"Abonnement mensuel 350 \u00e9toiles"},"content":{"rendered":"\t<section class=\"section\" id=\"section_440199370\">\n\t\t<div class=\"bg section-bg fill bg-fill  bg-loaded\" >\n\n\t\t\t\n\t\t\t\n\t\t\t\n\n\t\t<\/div>\n\n\t\t\n\n\t\t<div class=\"section-content relative\">\n\t\t\t\n<div class=\"row align-center\"  id=\"row-408267037\">\n\n\t<div id=\"col-815950558\" class=\"col medium-7 small-10 large-7\"  >\n\t\t\t\t<div class=\"col-inner text-center\"  >\n\t\t\t\n\t\t\t\n<p><span style=\"color: #333333; font-size: 100%;\"><span style=\"color: #e95434;\">Validez le choix de votre formule et c&rsquo;est parti !<\/span><\/span><\/p>\n<h1><span style=\"font-size: 130%;\"><span style=\"color: #e95434;\">Formule Pro<\/span><br \/>\n350 \u00e9toiles incluses<\/span><\/h1>\n<p><span style=\"font-size: 95%;\">La formule id\u00e9ale pour les pros de la petite enfance.\u00a0<\/span><\/p>\n<div class=\"is-divider divider clearfix\" style=\"max-width:60px;\"><\/div>\n\t\t<\/div>\n\t\t\t\t\t<\/div>\n\n\t\n<\/div>\n<div class=\"row align-center\"  id=\"row-862641758\">\n\n\t<div id=\"col-64061753\" class=\"col medium-9 small-12 large-9\"  >\n\t\t\t\t<div class=\"col-inner\"  >\n\t\t\t\n\t\t\t\n<div class=\"row align-center\"  id=\"row-809462735\">\n\n\t<div id=\"col-1086250361\" class=\"col medium-6 small-10 large-6\"  >\n\t\t\t\t<div class=\"col-inner\"  >\n\t\t\t\n\t\t\t\n\n\t\t<div class=\"icon-box featured-box icon-box-left text-left\"  >\n\t\t\t\t\t<div class=\"icon-box-img has-icon-bg\" style=\"width: 60px\">\n\t\t\t\t<div class=\"icon\">\n\t\t\t\t\t<div class=\"icon-inner\" style=\"border-width:1px;color:rgb(160, 160, 160);\">\n\t\t\t\t\t\t<img width=\"400\" height=\"400\" src=\"https:\/\/www.lesjouetsvoyageurs.com\/location\/wp-content\/uploads\/2020\/12\/Capture-de\u0301cran-2020-12-20-a\u0300-19.44.40-400x400.png\" class=\"attachment-medium size-medium\" alt=\"\" loading=\"lazy\" srcset=\"https:\/\/www.lesjouetsvoyageurs.com\/location\/wp-content\/uploads\/2020\/12\/Capture-de\u0301cran-2020-12-20-a\u0300-19.44.40-400x400.png 400w, https:\/\/www.lesjouetsvoyageurs.com\/location\/wp-content\/uploads\/2020\/12\/Capture-de\u0301cran-2020-12-20-a\u0300-19.44.40-280x280.png 280w, https:\/\/www.lesjouetsvoyageurs.com\/location\/wp-content\/uploads\/2020\/12\/Capture-de\u0301cran-2020-12-20-a\u0300-19.44.40-300x300.png 300w, https:\/\/www.lesjouetsvoyageurs.com\/location\/wp-content\/uploads\/2020\/12\/Capture-de\u0301cran-2020-12-20-a\u0300-19.44.40-100x100.png 100w, https:\/\/www.lesjouetsvoyageurs.com\/location\/wp-content\/uploads\/2020\/12\/Capture-de\u0301cran-2020-12-20-a\u0300-19.44.40.png 585w\" sizes=\"(max-width: 400px) 100vw, 400px\" title=\"\">\t\t\t\t\t<\/div>\n\t\t\t\t<\/div>\n\t\t\t<\/div>\n\t\t\t\t<div class=\"icon-box-text last-reset\">\n\t\t\t\t\t\t\t\t\t\n<h3><span style=\"font-size: 115%;\">Garantie casse et usure<\/span><\/h3>\n<p><span style=\"font-size: 90%;\">Si un jouet est cass\u00e9 ou ab\u00eem\u00e9, nous le remettrons \u00e0 neuf pour lui donner une nouvelle vie. Aucun frais \u00e0 pr\u00e9voir.<\/span><\/p>\n\t<div id=\"gap-376325238\" class=\"gap-element clearfix\" style=\"display:block; height:auto;\">\n\t\t\n<style>\n#gap-376325238 {\n  padding-top: 22px;\n}\n<\/style>\n\t<\/div>\n\t\n\t\t<\/div>\n\t<\/div>\n\t\n\t\n\n\t\t<div class=\"icon-box featured-box icon-box-left text-left\"  >\n\t\t\t\t\t<div class=\"icon-box-img has-icon-bg\" style=\"width: 60px\">\n\t\t\t\t<div class=\"icon\">\n\t\t\t\t\t<div class=\"icon-inner\" style=\"border-width:1px;color:rgb(160, 160, 160);\">\n\t\t\t\t\t\t<img width=\"399\" height=\"400\" src=\"https:\/\/www.lesjouetsvoyageurs.com\/location\/wp-content\/uploads\/2020\/12\/Capture-de\u0301cran-2020-12-20-a\u0300-19.45.08-399x400.png\" class=\"attachment-medium size-medium\" alt=\"\" loading=\"lazy\" srcset=\"https:\/\/www.lesjouetsvoyageurs.com\/location\/wp-content\/uploads\/2020\/12\/Capture-de\u0301cran-2020-12-20-a\u0300-19.45.08-399x400.png 399w, https:\/\/www.lesjouetsvoyageurs.com\/location\/wp-content\/uploads\/2020\/12\/Capture-de\u0301cran-2020-12-20-a\u0300-19.45.08-280x280.png 280w, https:\/\/www.lesjouetsvoyageurs.com\/location\/wp-content\/uploads\/2020\/12\/Capture-de\u0301cran-2020-12-20-a\u0300-19.45.08-300x300.png 300w, https:\/\/www.lesjouetsvoyageurs.com\/location\/wp-content\/uploads\/2020\/12\/Capture-de\u0301cran-2020-12-20-a\u0300-19.45.08-100x100.png 100w, https:\/\/www.lesjouetsvoyageurs.com\/location\/wp-content\/uploads\/2020\/12\/Capture-de\u0301cran-2020-12-20-a\u0300-19.45.08.png 583w\" sizes=\"(max-width: 399px) 100vw, 399px\" title=\"\">\t\t\t\t\t<\/div>\n\t\t\t\t<\/div>\n\t\t\t<\/div>\n\t\t\t\t<div class=\"icon-box-text last-reset\">\n\t\t\t\t\t\t\t\t\t\n<h3><span style=\"font-size: 115%;\">Echange offert<\/span><\/h3>\n<p><span style=\"font-size: 90%;\">Tous les mois, \u00e9changez tout ou partie de vos jouets contre des nouveaux. Le bon d&rsquo;\u00e9change est gratuit.<\/span><\/p>\n\t\t<\/div>\n\t<\/div>\n\t\n\t\n\t\t<\/div>\n\t\t\t\t\n<style>\n#col-1086250361 > .col-inner {\n  margin: 0px 0px 0px -10px;\n}\n<\/style>\n\t<\/div>\n\n\t\n\n\t<div id=\"col-620127879\" class=\"col medium-6 small-11 large-6\"  >\n\t\t\t\t<div class=\"col-inner\"  >\n\t\t\t\n\t\t\t\n\n\t\t<div class=\"icon-box featured-box icon-box-left text-left\"  >\n\t\t\t\t\t<div class=\"icon-box-img has-icon-bg\" style=\"width: 60px\">\n\t\t\t\t<div class=\"icon\">\n\t\t\t\t\t<div class=\"icon-inner\" style=\"border-width:1px;color:rgb(160, 160, 160);\">\n\t\t\t\t\t\t<img width=\"400\" height=\"400\" src=\"https:\/\/www.lesjouetsvoyageurs.com\/location\/wp-content\/uploads\/2020\/12\/Capture-de\u0301cran-2020-12-20-a\u0300-19.45.24-400x400.png\" class=\"attachment-medium size-medium\" alt=\"\" loading=\"lazy\" srcset=\"https:\/\/www.lesjouetsvoyageurs.com\/location\/wp-content\/uploads\/2020\/12\/Capture-de\u0301cran-2020-12-20-a\u0300-19.45.24-400x400.png 400w, https:\/\/www.lesjouetsvoyageurs.com\/location\/wp-content\/uploads\/2020\/12\/Capture-de\u0301cran-2020-12-20-a\u0300-19.45.24-280x280.png 280w, https:\/\/www.lesjouetsvoyageurs.com\/location\/wp-content\/uploads\/2020\/12\/Capture-de\u0301cran-2020-12-20-a\u0300-19.45.24-300x300.png 300w, https:\/\/www.lesjouetsvoyageurs.com\/location\/wp-content\/uploads\/2020\/12\/Capture-de\u0301cran-2020-12-20-a\u0300-19.45.24-100x100.png 100w, https:\/\/www.lesjouetsvoyageurs.com\/location\/wp-content\/uploads\/2020\/12\/Capture-de\u0301cran-2020-12-20-a\u0300-19.45.24.png 585w\" sizes=\"(max-width: 400px) 100vw, 400px\" title=\"\">\t\t\t\t\t<\/div>\n\t\t\t\t<\/div>\n\t\t\t<\/div>\n\t\t\t\t<div class=\"icon-box-text last-reset\">\n\t\t\t\t\t\t\t\t\t\n<h3><span style=\"font-size: 115%;\">Sans engagement<\/span><\/h3>\n<p><span style=\"font-size: 90%;\">Vous pouvez nous renvoyer les jouets lou\u00e9s \u00e0 tout moment pour mettre fin \u00e0 votre abonnement.<\/span><\/p>\n\t<div id=\"gap-1366554729\" class=\"gap-element clearfix\" style=\"display:block; height:auto;\">\n\t\t\n<style>\n#gap-1366554729 {\n  padding-top: 22px;\n}\n<\/style>\n\t<\/div>\n\t\n\t\t<\/div>\n\t<\/div>\n\t\n\t\n\n\t\t<div class=\"icon-box featured-box icon-box-left text-left\"  >\n\t\t\t\t\t<div class=\"icon-box-img has-icon-bg\" style=\"width: 60px\">\n\t\t\t\t<div class=\"icon\">\n\t\t\t\t\t<div class=\"icon-inner\" style=\"border-width:1px;color:rgb(160, 160, 160);\">\n\t\t\t\t\t\t<img width=\"400\" height=\"400\" src=\"https:\/\/www.lesjouetsvoyageurs.com\/location\/wp-content\/uploads\/2020\/12\/Capture-de\u0301cran-2020-12-20-a\u0300-19.45.40-400x400.png\" class=\"attachment-medium size-medium\" alt=\"\" loading=\"lazy\" srcset=\"https:\/\/www.lesjouetsvoyageurs.com\/location\/wp-content\/uploads\/2020\/12\/Capture-de\u0301cran-2020-12-20-a\u0300-19.45.40-400x400.png 400w, https:\/\/www.lesjouetsvoyageurs.com\/location\/wp-content\/uploads\/2020\/12\/Capture-de\u0301cran-2020-12-20-a\u0300-19.45.40-280x280.png 280w, https:\/\/www.lesjouetsvoyageurs.com\/location\/wp-content\/uploads\/2020\/12\/Capture-de\u0301cran-2020-12-20-a\u0300-19.45.40-300x300.png 300w, https:\/\/www.lesjouetsvoyageurs.com\/location\/wp-content\/uploads\/2020\/12\/Capture-de\u0301cran-2020-12-20-a\u0300-19.45.40-100x100.png 100w, https:\/\/www.lesjouetsvoyageurs.com\/location\/wp-content\/uploads\/2020\/12\/Capture-de\u0301cran-2020-12-20-a\u0300-19.45.40.png 585w\" sizes=\"(max-width: 400px) 100vw, 400px\" title=\"\">\t\t\t\t\t<\/div>\n\t\t\t\t<\/div>\n\t\t\t<\/div>\n\t\t\t\t<div class=\"icon-box-text last-reset\">\n\t\t\t\t\t\t\t\t\t\n<h3><span style=\"font-size: 115%;\">Jouets de qualit\u00e9<\/span><\/h3>\n<p><span style=\"font-size: 90%;\">Des jouets contr\u00f4l\u00e9s, nettoy\u00e9s et st\u00e9rilis\u00e9s que vous pouvez donner \u00e0 votre enfant en toute confiance. <a href=\"\/faq\" target=\"_blank\" rel=\"noopener\">En savoir plus.<\/a><\/span><\/p>\n\t\t<\/div>\n\t<\/div>\n\t\n\t\n\t\t<\/div>\n\t\t\t\t\n<style>\n#col-620127879 > .col-inner {\n  margin: 0px 0px 0px 10px;\n}\n<\/style>\n\t<\/div>\n\n\t\n<\/div>\n\t\t<\/div>\n\t\t\t\t\t<\/div>\n\n\t\n<\/div>\n\t\t<\/div>\n\n\t\t\n<style>\n#section_440199370 {\n  padding-top: 16px;\n  padding-bottom: 16px;\n}\n#section_440199370 .ux-shape-divider--top svg {\n  height: 150px;\n  --divider-top-width: 100%;\n}\n#section_440199370 .ux-shape-divider--bottom svg {\n  height: 150px;\n  --divider-width: 100%;\n}\n<\/style>\n\t<\/section>\n\t\n\t<section class=\"section\" id=\"section_402921262\">\n\t\t<div class=\"bg section-bg fill bg-fill  bg-loaded\" >\n\n\t\t\t\n\t\t\t\n\t\t\t\n\n\t\t<\/div>\n\n\t\t\n\n\t\t<div class=\"section-content relative\">\n\t\t\t\n<div class=\"row\"  id=\"row-1442786832\">\n\n\t<div id=\"col-1328679516\" class=\"col small-12 large-12\"  >\n\t\t\t\t<div class=\"col-inner text-center\"  >\n\t\t\t\n\t\t\t\n<a href=\"\/checkout\/?add-to-cart=854\" target=\"_self\" class=\"button primary is-larger lowercase\"  style=\"border-radius:10px;\">\n    <span>Je m'abonne<\/span>\n  <i class=\"icon-angle-right\" ><\/i><\/a>\n\n<div class=\"cartes-cadeau-formule\">Envie d&rsquo;offrir \u00e0 un enfant ou \u00e0 de futurs parents ? Pensez \u00e0 nos <a href=\"\/cartecadeau\">CARTES CADEAU<\/a><\/div>\n\t\t<\/div>\n\t\t\t\t\t<\/div>\n\n\t\n<\/div>\n\t\t<\/div>\n\n\t\t\n<style>\n#section_402921262 {\n  padding-top: 0px;\n  padding-bottom: 0px;\n}\n#section_402921262 .ux-shape-divider--top svg {\n  height: 150px;\n  --divider-top-width: 100%;\n}\n#section_402921262 .ux-shape-divider--bottom svg {\n  height: 150px;\n  --divider-width: 100%;\n}\n<\/style>\n\t<\/section>\n\t\n","protected":false},"excerpt":{"rendered":"<p>Avec cette formule, vous disposez de 350 \u00e9toiles \u00e0 utiliser dans notre boutique de jouets.<br \/>\nChaque mois, vous pouvez renvoyer les jouets que votre enfant n&rsquo;utilise plus et en choisir de nouveaux.<br \/>\nLa garantie casse est incluse : nous nous occupons gratuitement de remettre \u00e0 neuf les jouets que vous nous retournez et de leur donner une nouvelle vie!<\/p>\n","protected":false},"featured_media":3552,"template":"","meta":[],"product_cat":[94],"product_tag":[],"_links":{"self":[{"href":"https:\/\/www.lesjouetsvoyageurs.com\/location\/wp-json\/wp\/v2\/product\/854"}],"collection":[{"href":"https:\/\/www.lesjouetsvoyageurs.com\/location\/wp-json\/wp\/v2\/product"}],"about":[{"href":"https:\/\/www.lesjouetsvoyageurs.com\/location\/wp-json\/wp\/v2\/types\/product"}],"wp:featuredmedia":[{"embeddable":true,"href":"https:\/\/www.lesjouetsvoyageurs.com\/location\/wp-json\/wp\/v2\/media\/3552"}],"wp:attachment":[{"href":"https:\/\/www.lesjouetsvoyageurs.com\/location\/wp-json\/wp\/v2\/media?parent=854"}],"wp:term":[{"taxonomy":"product_cat","embeddable":true,"href":"https:\/\/www.lesjouetsvoyageurs.com\/location\/wp-json\/wp\/v2\/product_cat?post=854"},{"taxonomy":"product_tag","embeddable":true,"href":"https:\/\/www.lesjouetsvoyageurs.com\/location\/wp-json\/wp\/v2\/product_tag?post=854"}],"curies":[{"name":"wp","href":"https:\/\/api.w.org\/{rel}","templated":true}]}}