{"id":980,"date":"2020-05-29T11:45:47","date_gmt":"2020-05-29T09:45:47","guid":{"rendered":"https:\/\/www.lesjouetsvoyageurs.com\/?post_type=product&#038;p=980"},"modified":"2020-12-16T23:01:34","modified_gmt":"2020-12-16T21:01:34","slug":"maxi-toboggan-a-boules-haba","status":"publish","type":"product","link":"https:\/\/www.lesjouetsvoyageurs.com\/location\/jouets\/maxi-toboggan-a-boules-haba\/","title":{"rendered":"Maxi toboggan \u00e0 boules Clic Clac amis des animaux &#8211; Haba"},"content":{"rendered":"<p>Les 3 boules descendent le toboggan, croisent une petite barri\u00e8re que l&rsquo;enfant peut fermer ou laisser ouverte, atteignent l&rsquo;\u00e9tage inf\u00e9rieur, mettent en mouvement le pendule et font tinter le grelot de la ligne d&rsquo;arriv\u00e9e.<\/p>\n<p>Envie d&rsquo;en savoir plus sur les engagements de la marque?<br \/>\n\ud83d\udc49 Consultez la pr\u00e9sentation de Haba.<\/p>\n<p><span style=\"font-size: 14.4px;\">\ud83d\udc95 L&rsquo;enfant peut choisir quelle direction prendra la bille.<\/span><\/p>\n<p>Un jeu conseill\u00e9 d\u00e8s 18 mois.<\/p>\n<p>LE PRIX ABONN\u00c9 C&rsquo;EST QUOI?<br \/>\nVous avez un coup de coeur pour un jouet propos\u00e9 \u00e0 la location?<br \/>\nNous vous proposons de garder chaque jouet lou\u00e9 \u00e0 un prix pr\u00e9f\u00e9rentiel, clairement indiqu\u00e9 sur chaque fiche.<\/p>\n","protected":false},"excerpt":{"rendered":"<p>PRIX BOUTIQUE : 80\u20ac<br \/>\nPRIX ABONN\u00c9 : 48\u20ac<\/p>\n<p>Un jouet pour les petits \u00e0 proposer \u00e0 partir de 15 mois environ<\/p>\n<p>\u2764 Un grand classique<br \/>\n\u2764 D\u00e9veloppe la coordination main-oeil<br \/>\n\u2764 Effets visuels et sonores captivants<\/p>\n","protected":false},"featured_media":981,"template":"","meta":[],"product_cat":[15],"product_tag":[],"_links":{"self":[{"href":"https:\/\/www.lesjouetsvoyageurs.com\/location\/wp-json\/wp\/v2\/product\/980"}],"collection":[{"href":"https:\/\/www.lesjouetsvoyageurs.com\/location\/wp-json\/wp\/v2\/product"}],"about":[{"href":"https:\/\/www.lesjouetsvoyageurs.com\/location\/wp-json\/wp\/v2\/types\/product"}],"wp:featuredmedia":[{"embeddable":true,"href":"https:\/\/www.lesjouetsvoyageurs.com\/location\/wp-json\/wp\/v2\/media\/981"}],"wp:attachment":[{"href":"https:\/\/www.lesjouetsvoyageurs.com\/location\/wp-json\/wp\/v2\/media?parent=980"}],"wp:term":[{"taxonomy":"product_cat","embeddable":true,"href":"https:\/\/www.lesjouetsvoyageurs.com\/location\/wp-json\/wp\/v2\/product_cat?post=980"},{"taxonomy":"product_tag","embeddable":true,"href":"https:\/\/www.lesjouetsvoyageurs.com\/location\/wp-json\/wp\/v2\/product_tag?post=980"}],"curies":[{"name":"wp","href":"https:\/\/api.w.org\/{rel}","templated":true}]}}