{"id":983,"date":"2020-05-29T11:51:04","date_gmt":"2020-05-29T09:51:04","guid":{"rendered":"https:\/\/www.lesjouetsvoyageurs.com\/?post_type=product&#038;p=983"},"modified":"2023-09-22T09:37:17","modified_gmt":"2023-09-22T07:37:17","slug":"bateau-toboggan-a-boules-haba","status":"publish","type":"product","link":"https:\/\/www.lesjouetsvoyageurs.com\/location\/jouets\/bateau-toboggan-a-boules-haba\/","title":{"rendered":"Bateau \u00e0 bascule toboggan \u00e0 boules Haba"},"content":{"rendered":"<p>Voil\u00e0 un navire passionnant pour les petits d\u00e8s 18 mois ! Lorsque l&rsquo;enfant pose une des deux grosses billes fournies sur la glissi\u00e8re, elle d\u00e9gringole et fait basculer le bateau de gauche \u00e0 droite. Bing bong et hop, voil\u00e0 la boule qui sort des entrailles du bateau.<\/p>\n<p>Ce toboggan \u00e0 billes de taille compacte est un joli jouet plaira beaucoup aux enfants. Il est fourni avec deux billes : une en bois et une bille en verre translucide.<\/p>\n<p>Envie d\u2019en savoir plus sur les engagements de la marque?<br \/>\n<img class=\"emoji\" role=\"img\" draggable=\"false\" src=\"https:\/\/s.w.org\/images\/core\/emoji\/13.0.1\/svg\/1f449.svg\" alt=\"\ud83d\udc49\" title=\"\">\u00a0Consultez la pr\u00e9sentation de Haba.<\/p>\n<p><img class=\"emoji\" role=\"img\" draggable=\"false\" src=\"https:\/\/s.w.org\/images\/core\/emoji\/13.0.1\/svg\/1f495.svg\" alt=\"\ud83d\udc95\" title=\"\">\u00a0Stimule la motricit\u00e9 fine et la coordination oeil-main.<\/p>\n<p>Un jeu \u00e0 proposer \u00e0 partir de 18 mois.<\/p>\n<p>LE PRIX ABONN\u00c9 C\u2019EST QUOI?<br \/>\nVous avez un coup de coeur pour un jouet propos\u00e9 \u00e0 la location?<br \/>\nNous vous proposons de garder chaque jouet lou\u00e9 \u00e0 un prix pr\u00e9f\u00e9rentiel, clairement indiqu\u00e9 sur chaque fiche.<\/p>\n","protected":false},"excerpt":{"rendered":"<p>\u2764 Joli bateau en h\u00eatre \u00e0 partir de 18 mois<br \/>\n\u2764 Deux boules \u00e0 effets fournies<br \/>\n\u2764 Mouvement de balancier du bateau<\/p>\n","protected":false},"featured_media":984,"template":"","meta":[],"product_cat":[15],"product_tag":[],"_links":{"self":[{"href":"https:\/\/www.lesjouetsvoyageurs.com\/location\/wp-json\/wp\/v2\/product\/983"}],"collection":[{"href":"https:\/\/www.lesjouetsvoyageurs.com\/location\/wp-json\/wp\/v2\/product"}],"about":[{"href":"https:\/\/www.lesjouetsvoyageurs.com\/location\/wp-json\/wp\/v2\/types\/product"}],"wp:featuredmedia":[{"embeddable":true,"href":"https:\/\/www.lesjouetsvoyageurs.com\/location\/wp-json\/wp\/v2\/media\/984"}],"wp:attachment":[{"href":"https:\/\/www.lesjouetsvoyageurs.com\/location\/wp-json\/wp\/v2\/media?parent=983"}],"wp:term":[{"taxonomy":"product_cat","embeddable":true,"href":"https:\/\/www.lesjouetsvoyageurs.com\/location\/wp-json\/wp\/v2\/product_cat?post=983"},{"taxonomy":"product_tag","embeddable":true,"href":"https:\/\/www.lesjouetsvoyageurs.com\/location\/wp-json\/wp\/v2\/product_tag?post=983"}],"curies":[{"name":"wp","href":"https:\/\/api.w.org\/{rel}","templated":true}]}}